{"id":67,"date":"2020-10-19T09:31:37","date_gmt":"2020-10-19T07:31:37","guid":{"rendered":"http:\/\/www.alexiarsb.fr\/portfolio\/?page_id=67"},"modified":"2024-05-14T14:42:18","modified_gmt":"2024-05-14T12:42:18","slug":"marathon-mmi","status":"publish","type":"page","link":"https:\/\/www.alexiarsb.fr\/portfolio\/marathon-mmi\/","title":{"rendered":"Marathon MMI"},"content":{"rendered":"<p>[et_pb_section fb_built=\u00a0\u00bb1&Prime; admin_label=\u00a0\u00bbHero\u00a0\u00bb _builder_version=\u00a0\u00bb4.25.1&Prime; use_background_color_gradient=\u00a0\u00bbon\u00a0\u00bb background_color_gradient_stops=\u00a0\u00bbrgba(0,0,0,0.5) 0%|rgba(0,0,0,0) 100%\u00a0\u00bb background_color_gradient_overlays_image=\u00a0\u00bbon\u00a0\u00bb background_color_gradient_start=\u00a0\u00bbrgba(0,0,0,0.5)\u00a0\u00bb background_color_gradient_end=\u00a0\u00bbrgba(0,0,0,0)\u00a0\u00bb background_image=\u00a0\u00bbhttps:\/\/www.alexiarsb.fr\/portfolio\/wp-content\/uploads\/2020\/10\/images.jpg\u00a0\u00bb background_size=\u00a0\u00bbcontain\u00a0\u00bb min_height_tablet=\u00a0\u00bb\u00a0\u00bb min_height_phone=\u00a0\u00bb\u00a0\u00bb min_height_last_edited=\u00a0\u00bbon|phone\u00a0\u00bb height=\u00a0\u00bb100px\u00a0\u00bb height_tablet=\u00a0\u00bb100px\u00a0\u00bb height_phone=\u00a0\u00bb100px\u00a0\u00bb height_last_edited=\u00a0\u00bbon|phone\u00a0\u00bb max_height_tablet=\u00a0\u00bb\u00a0\u00bb max_height_phone=\u00a0\u00bb100px\u00a0\u00bb max_height_last_edited=\u00a0\u00bbon|phone\u00a0\u00bb custom_margin=\u00a0\u00bb0px||2px||false|false\u00a0\u00bb custom_padding=\u00a0\u00bb930px||50px||false|false\u00a0\u00bb bottom_divider_style=\u00a0\u00bbslant\u00a0\u00bb bottom_divider_color=\u00a0\u00bb#ffffff\u00a0\u00bb bottom_divider_flip=\u00a0\u00bbhorizontal\u00a0\u00bb animation_style=\u00a0\u00bbslide\u00a0\u00bb animation_direction=\u00a0\u00bbtop\u00a0\u00bb animation_intensity_slide=\u00a0\u00bb5%\u00a0\u00bb animation_starting_opacity=\u00a0\u00bb100%\u00a0\u00bb hover_enabled=\u00a0\u00bb0&Prime; global_colors_info=\u00a0\u00bb{}\u00a0\u00bb custom_padding_last_edited=\u00a0\u00bbon|phone\u00a0\u00bb custom_margin_last_edited=\u00a0\u00bbon|desktop\u00a0\u00bb custom_padding_phone=\u00a0\u00bb385px||0px||false|false\u00a0\u00bb custom_margin_phone=\u00a0\u00bb-60px||0px||false|false\u00a0\u00bb sticky_enabled=\u00a0\u00bb0&Prime; custom_padding_tablet=\u00a0\u00bb930px||50px||false|false\u00a0\u00bb custom_margin_tablet=\u00a0\u00bb0px||2px||false|false\u00a0\u00bb][\/et_pb_section][et_pb_section fb_built=\u00a0\u00bb1&Prime; _builder_version=\u00a0\u00bb4.25.1&Prime; _module_preset=\u00a0\u00bbdefault\u00a0\u00bb custom_margin_tablet=\u00a0\u00bb\u00a0\u00bb custom_margin_phone=\u00a0\u00bb35px||70px||false|false\u00a0\u00bb custom_margin_last_edited=\u00a0\u00bbon|phone\u00a0\u00bb global_colors_info=\u00a0\u00bb{}\u00a0\u00bb][et_pb_row _builder_version=\u00a0\u00bb4.16&Prime; _module_preset=\u00a0\u00bbdefault\u00a0\u00bb global_colors_info=\u00a0\u00bb{}\u00a0\u00bb][et_pb_column type=\u00a0\u00bb4_4&Prime; _builder_version=\u00a0\u00bb4.16&Prime; _module_preset=\u00a0\u00bbdefault\u00a0\u00bb global_colors_info=\u00a0\u00bb{}\u00a0\u00bb][et_pb_text _builder_version=\u00a0\u00bb4.25.1&Prime; _module_preset=\u00a0\u00bbdefault\u00a0\u00bb text_font=\u00a0\u00bbRoboto|300|||||||\u00a0\u00bb text_orientation=\u00a0\u00bbcenter\u00a0\u00bb global_colors_info=\u00a0\u00bb{}\u00a0\u00bb]<\/p>\n<div style=\"text-align: center;\"><span style=\"color: #595757;\" class=\"texteditor-inline-color\"><span style=\"color: #191919;\" class=\"texteditor-inline-color\"><span style=\"font-size: 20px;\" class=\"texteditor-inline-fontsize\">Le marathon MMI, c<\/span><\/span><\/span><span style=\"color: #191919;\" class=\"texteditor-inline-color\"><span style=\"font-size: 20px;\" class=\"texteditor-inline-fontsize\">&lsquo;est quoi ?<\/span><\/span><\/div>\n<div>\n<div><span style=\"color: #191919;\" class=\"texteditor-inline-color\"><span style=\"font-size: 20px;\" class=\"texteditor-inline-fontsize\"><\/span><\/span><\/div>\n<div style=\"text-align: center;\"><span style=\"color: #191919;\" class=\"texteditor-inline-color\"><span style=\"font-size: 20px;\" class=\"texteditor-inline-fontsize\">Tous les \u00e9tudiants du d\u00e9partement MMI participent \u00e0 cette semaine du Marathon\u00a0multim\u00e9dia.<\/span><\/span><\/div>\n<div style=\"text-align: center;\"><span style=\"color: #191919;\" class=\"texteditor-inline-color\"><span style=\"font-size: 20px;\" class=\"texteditor-inline-fontsize\">\u00c0 partir d&rsquo;un\u00a0cahier des charges \u00e9labor\u00e9 par l&rsquo;IUT\u00a0et les\u00a0commanditaires qui parrainent l\u2019op\u00e9ration, nous avons eu pour mission d\u2019\u00e9laborer des solutions de communications.<\/span><\/span><\/div>\n<div style=\"text-align: center;\"><span style=\"color: #191919;\" class=\"texteditor-inline-color\"><span style=\"font-size: 20px;\" class=\"texteditor-inline-fontsize\">Par groupes de 5 ou 6 \u00e9tudiants de 1\u00e8re et 2nde ann\u00e9e, nous avons eu 87 heures pour accomplir notre challenge.<\/span><\/span><\/div>\n<p><span style=\"color: #191919;\" class=\"texteditor-inline-color\"><span style=\"font-size: 20px;\" class=\"texteditor-inline-fontsize\"><\/span><\/span><\/p>\n<p><span style=\"color: #191919;\" class=\"texteditor-inline-color\"><span style=\"font-size: 20px;\" class=\"texteditor-inline-fontsize\"><\/span><\/span><\/p>\n<p><span style=\"color: #191919;\" class=\"texteditor-inline-color\"><span style=\"font-size: 20px;\" class=\"texteditor-inline-fontsize\">Un site web responsive et administrable avec du contenu<\/span><\/span><span style=\"color: #191919;\" class=\"texteditor-inline-color\"><span style=\"font-size: 20px;\" class=\"texteditor-inline-fontsize\"><\/span><\/span><\/p>\n<p><span style=\"color: #191919;\" class=\"texteditor-inline-color\"><span style=\"font-size: 20px;\" class=\"texteditor-inline-fontsize\">Un cahier des charges<\/span><\/span><\/p>\n<p><span style=\"color: #191919;\" class=\"texteditor-inline-color\"><span style=\"font-size: 20px;\" class=\"texteditor-inline-fontsize\">Un logo<\/span><\/span><\/p>\n<p><span style=\"color: #191919;\" class=\"texteditor-inline-color\"><span style=\"font-size: 20px;\" class=\"texteditor-inline-fontsize\">Une charge graphique <\/span><\/span><\/p>\n<p><span style=\"color: #191919;\" class=\"texteditor-inline-color\"><span style=\"font-size: 20px;\" class=\"texteditor-inline-fontsize\">Un flyer <\/span><\/span><\/p>\n<p><span style=\"color: #191919;\" class=\"texteditor-inline-color\"><span style=\"font-size: 20px;\" class=\"texteditor-inline-fontsize\">Une affiche au format A1<\/span><\/span><\/p>\n<p><span style=\"color: #191919;\" class=\"texteditor-inline-color\"><span style=\"font-size: 20px;\" class=\"texteditor-inline-fontsize\">3 minutes de film\u00a0<\/span><\/span><\/p>\n<p><span style=\"color: #191919;\" class=\"texteditor-inline-color\"><span style=\"font-size: 20px;\" class=\"texteditor-inline-fontsize\"> Un teaser de 90 secondes<\/span><\/span><\/p>\n<div><\/div>\n<p style=\"text-align: center;\"><span style=\"color: #191919;\" class=\"texteditor-inline-color\"><span style=\"font-size: 20px;\" class=\"texteditor-inline-fontsize\"><strong><span class=\"texteditor-inline-color\"><\/span><\/strong><\/span><\/span><\/p>\n<p style=\"text-align: center;\"><span style=\"color: #191919;\" class=\"texteditor-inline-color\"><span style=\"font-size: 20px;\" class=\"texteditor-inline-fontsize\"><strong><span class=\"texteditor-inline-color\"><\/span><\/strong><\/span><\/span><\/p>\n<p style=\"text-align: center;\"><span style=\"color: #191919;\" class=\"texteditor-inline-color\"><span style=\"font-size: 20px;\" class=\"texteditor-inline-fontsize\"><strong><span class=\"texteditor-inline-color\"><\/span><\/strong><\/span><\/span><\/p>\n<p style=\"text-align: center;\"><span style=\"color: #191919;\" class=\"texteditor-inline-color\"><span style=\"font-size: 20px;\" class=\"texteditor-inline-fontsize\"><strong><span class=\"texteditor-inline-color\"><\/span><\/strong><\/span><\/span><\/p>\n<p style=\"text-align: center;\"><span style=\"color: #191919;\" class=\"texteditor-inline-color\"><span style=\"font-size: 20px;\" class=\"texteditor-inline-fontsize\"><strong><span class=\"texteditor-inline-color\">Nous avons mis en\u00a0avant la Wan Party qui est un rassemblement national de gamers qui s&rsquo;affrontent lors de parties, solo ou en \u00e9quipe, sur des jeux en r\u00e9seau \u00e0<span class=\"texteditor-inline-fontsize\">\u00a0l&rsquo;I<\/span><\/span>UT de B\u00e9ziers qui se d\u00e9roulent au mois de\u00a0Mars.<\/strong> <\/span><\/span><\/p>\n<\/div>\n<p>[\/et_pb_text][\/et_pb_column][\/et_pb_row][\/et_pb_section][et_pb_section fb_built=\u00a0\u00bb1&Prime; custom_padding_last_edited=\u00a0\u00bbon|desktop\u00a0\u00bb _builder_version=\u00a0\u00bb4.25.1&Prime; _module_preset=\u00a0\u00bbdefault\u00a0\u00bb custom_margin_tablet=\u00a0\u00bb\u00a0\u00bb custom_margin_phone=\u00a0\u00bb15px||||false|false\u00a0\u00bb custom_margin_last_edited=\u00a0\u00bbon|phone\u00a0\u00bb custom_padding=\u00a0\u00bb0px||||false|false\u00a0\u00bb custom_padding_tablet=\u00a0\u00bb0px||||false|false\u00a0\u00bb custom_padding_phone=\u00a0\u00bb0px||||false|false\u00a0\u00bb global_colors_info=\u00a0\u00bb{}\u00a0\u00bb][et_pb_row _builder_version=\u00a0\u00bb4.25.1&Prime; _module_preset=\u00a0\u00bbdefault\u00a0\u00bb custom_margin_tablet=\u00a0\u00bb\u00a0\u00bb custom_margin_phone=\u00a0\u00bb27px||||false|false\u00a0\u00bb custom_margin_last_edited=\u00a0\u00bbon|phone\u00a0\u00bb global_colors_info=\u00a0\u00bb{}\u00a0\u00bb][et_pb_column type=\u00a0\u00bb4_4&Prime; _builder_version=\u00a0\u00bb4.16&Prime; _module_preset=\u00a0\u00bbdefault\u00a0\u00bb global_colors_info=\u00a0\u00bb{}\u00a0\u00bb][et_pb_text _builder_version=\u00a0\u00bb4.16&Prime; _module_preset=\u00a0\u00bbdefault\u00a0\u00bb text_font=\u00a0\u00bbRoboto|300|||||||\u00a0\u00bb text_font_size=\u00a0\u00bb45px\u00a0\u00bb custom_padding=\u00a0\u00bb||0px|||\u00a0\u00bb global_colors_info=\u00a0\u00bb{}\u00a0\u00bb]<\/p>\n<p style=\"text-align: center;\">LOGO<\/p>\n<p>[\/et_pb_text][et_pb_image src=\u00a0\u00bbhttps:\/\/www.alexiarsb.fr\/portfolio\/wp-content\/uploads\/2020\/10\/Logo-6-RVB-1.png\u00a0\u00bb title_text=\u00a0\u00bbLogo 6 (RVB)\u00a0\u00bb align=\u00a0\u00bbcenter\u00a0\u00bb _builder_version=\u00a0\u00bb4.16&Prime; _module_preset=\u00a0\u00bbdefault\u00a0\u00bb global_colors_info=\u00a0\u00bb{}\u00a0\u00bb][\/et_pb_image][\/et_pb_column][\/et_pb_row][et_pb_row _builder_version=\u00a0\u00bb4.25.1&Prime; _module_preset=\u00a0\u00bbdefault\u00a0\u00bb custom_margin=\u00a0\u00bb50px||||false|false\u00a0\u00bb custom_margin_tablet=\u00a0\u00bb50px||||false|false\u00a0\u00bb custom_margin_phone=\u00a0\u00bb55px||||false|false\u00a0\u00bb custom_margin_last_edited=\u00a0\u00bbon|phone\u00a0\u00bb global_colors_info=\u00a0\u00bb{}\u00a0\u00bb][et_pb_column type=\u00a0\u00bb4_4&Prime; _builder_version=\u00a0\u00bb4.16&Prime; _module_preset=\u00a0\u00bbdefault\u00a0\u00bb global_colors_info=\u00a0\u00bb{}\u00a0\u00bb][et_pb_text _builder_version=\u00a0\u00bb4.25.1&Prime; _module_preset=\u00a0\u00bbdefault\u00a0\u00bb text_font=\u00a0\u00bbRoboto|300|||||||\u00a0\u00bb text_font_size=\u00a0\u00bb45px\u00a0\u00bb text_line_height_tablet=\u00a0\u00bb\u00a0\u00bb text_line_height_phone=\u00a0\u00bb1em\u00a0\u00bb text_line_height_last_edited=\u00a0\u00bbon|phone\u00a0\u00bb global_colors_info=\u00a0\u00bb{}\u00a0\u00bb]<\/p>\n<p style=\"text-align: center;\">Charte Graphique<\/p>\n<p>[\/et_pb_text][et_pb_gallery gallery_ids=\u00a0\u00bb161,178,182,181,152,164,163,162&Prime; orientation=\u00a0\u00bbportrait\u00a0\u00bb show_title_and_caption=\u00a0\u00bboff\u00a0\u00bb show_pagination=\u00a0\u00bboff\u00a0\u00bb zoom_icon_color=\u00a0\u00bb#8300E9&Prime; hover_icon=\u00a0\u00bb&#x54;||divi||400&Prime; _builder_version=\u00a0\u00bb4.16&Prime; _module_preset=\u00a0\u00bbdefault\u00a0\u00bb global_colors_info=\u00a0\u00bb{}\u00a0\u00bb][\/et_pb_gallery][\/et_pb_column][\/et_pb_row][\/et_pb_section][et_pb_section fb_built=\u00a0\u00bb1&Prime; custom_padding_last_edited=\u00a0\u00bbon|phone\u00a0\u00bb _builder_version=\u00a0\u00bb4.25.1&Prime; _module_preset=\u00a0\u00bbdefault\u00a0\u00bb min_height=\u00a0\u00bb129px\u00a0\u00bb custom_margin=\u00a0\u00bb-107px|||||\u00a0\u00bb custom_margin_tablet=\u00a0\u00bb-107px|||||\u00a0\u00bb custom_margin_phone=\u00a0\u00bb0px||||false|false\u00a0\u00bb custom_margin_last_edited=\u00a0\u00bbon|phone\u00a0\u00bb custom_padding=\u00a0\u00bb0px||79px||false|false\u00a0\u00bb custom_padding_tablet=\u00a0\u00bb0px||79px||false|false\u00a0\u00bb custom_padding_phone=\u00a0\u00bb0px||50px||false|false\u00a0\u00bb global_colors_info=\u00a0\u00bb{}\u00a0\u00bb][et_pb_row _builder_version=\u00a0\u00bb4.25.1&Prime; _module_preset=\u00a0\u00bbdefault\u00a0\u00bb custom_margin=\u00a0\u00bb55px||-40px||false|false\u00a0\u00bb custom_margin_tablet=\u00a0\u00bb55px||-40px||false|false\u00a0\u00bb custom_margin_phone=\u00a0\u00bb55px||-40px||false|false\u00a0\u00bb custom_margin_last_edited=\u00a0\u00bbon|desktop\u00a0\u00bb global_colors_info=\u00a0\u00bb{}\u00a0\u00bb][et_pb_column type=\u00a0\u00bb4_4&Prime; _builder_version=\u00a0\u00bb4.16&Prime; _module_preset=\u00a0\u00bbdefault\u00a0\u00bb global_colors_info=\u00a0\u00bb{}\u00a0\u00bb][et_pb_text _builder_version=\u00a0\u00bb4.25.1&Prime; _module_preset=\u00a0\u00bbdefault\u00a0\u00bb text_font=\u00a0\u00bbRoboto|300|||||||\u00a0\u00bb text_font_size=\u00a0\u00bb45px\u00a0\u00bb custom_margin_tablet=\u00a0\u00bb\u00a0\u00bb custom_margin_phone=\u00a0\u00bb\u00a0\u00bb custom_margin_last_edited=\u00a0\u00bbon|phone\u00a0\u00bb text_line_height_tablet=\u00a0\u00bb\u00a0\u00bb text_line_height_phone=\u00a0\u00bb1em\u00a0\u00bb text_line_height_last_edited=\u00a0\u00bbon|phone\u00a0\u00bb global_colors_info=\u00a0\u00bb{}\u00a0\u00bb]<\/p>\n<p style=\"text-align: center;\">Affiche au format A1 et Flyer\u00a0<\/p>\n<p>[\/et_pb_text][\/et_pb_column][\/et_pb_row][\/et_pb_section][et_pb_section fb_built=\u00a0\u00bb1&Prime; _builder_version=\u00a0\u00bb4.25.1&Prime; _module_preset=\u00a0\u00bbdefault\u00a0\u00bb min_height=\u00a0\u00bb458px\u00a0\u00bb custom_margin_tablet=\u00a0\u00bb\u00a0\u00bb custom_margin_phone=\u00a0\u00bb130px||||false|false\u00a0\u00bb custom_margin_last_edited=\u00a0\u00bbon|phone\u00a0\u00bb global_colors_info=\u00a0\u00bb{}\u00a0\u00bb][et_pb_row column_structure=\u00a0\u00bb1_2,1_2&Prime; _builder_version=\u00a0\u00bb4.25.1&Prime; _module_preset=\u00a0\u00bbdefault\u00a0\u00bb min_height=\u00a0\u00bb377px\u00a0\u00bb custom_padding=\u00a0\u00bb||0px|||\u00a0\u00bb animation_style=\u00a0\u00bbfold\u00a0\u00bb animation_direction=\u00a0\u00bbbottom\u00a0\u00bb animation_duration=\u00a0\u00bb1600ms\u00a0\u00bb global_colors_info=\u00a0\u00bb{}\u00a0\u00bb][et_pb_column type=\u00a0\u00bb1_2&Prime; _builder_version=\u00a0\u00bb4.16&Prime; _module_preset=\u00a0\u00bbdefault\u00a0\u00bb global_colors_info=\u00a0\u00bb{}\u00a0\u00bb][et_pb_image src=\u00a0\u00bbhttps:\/\/www.alexiarsb.fr\/portfolio\/wp-content\/uploads\/2020\/10\/Affiche.png\u00a0\u00bb title_text=\u00a0\u00bbAffiche\u00a0\u00bb show_in_lightbox=\u00a0\u00bbon\u00a0\u00bb align=\u00a0\u00bbcenter\u00a0\u00bb _builder_version=\u00a0\u00bb4.16&Prime; _module_preset=\u00a0\u00bbdefault\u00a0\u00bb custom_margin=\u00a0\u00bb-128px|||||\u00a0\u00bb custom_padding=\u00a0\u00bb10px|||||\u00a0\u00bb global_colors_info=\u00a0\u00bb{}\u00a0\u00bb][\/et_pb_image][\/et_pb_column][et_pb_column type=\u00a0\u00bb1_2&Prime; _builder_version=\u00a0\u00bb4.16&Prime; _module_preset=\u00a0\u00bbdefault\u00a0\u00bb global_colors_info=\u00a0\u00bb{}\u00a0\u00bb][et_pb_image src=\u00a0\u00bbhttps:\/\/www.alexiarsb.fr\/portfolio\/wp-content\/uploads\/2020\/10\/flyer-verso.png\u00a0\u00bb title_text=\u00a0\u00bbflyer verso\u00a0\u00bb show_in_lightbox=\u00a0\u00bbon\u00a0\u00bb align=\u00a0\u00bbcenter\u00a0\u00bb _builder_version=\u00a0\u00bb4.25.1&Prime; _module_preset=\u00a0\u00bbdefault\u00a0\u00bb module_alignment=\u00a0\u00bbcenter\u00a0\u00bb custom_margin=\u00a0\u00bb-130px||||false|false\u00a0\u00bb custom_margin_tablet=\u00a0\u00bb-130px||||false|false\u00a0\u00bb custom_margin_phone=\u00a0\u00bb0px||||false|false\u00a0\u00bb custom_margin_last_edited=\u00a0\u00bbon|phone\u00a0\u00bb custom_padding=\u00a0\u00bb14px|||||\u00a0\u00bb global_colors_info=\u00a0\u00bb{}\u00a0\u00bb][\/et_pb_image][\/et_pb_column][\/et_pb_row][\/et_pb_section][et_pb_section fb_built=\u00a0\u00bb1&Prime; _builder_version=\u00a0\u00bb4.25.1&Prime; _module_preset=\u00a0\u00bbdefault\u00a0\u00bb custom_margin_tablet=\u00a0\u00bb\u00a0\u00bb custom_margin_phone=\u00a0\u00bb45px||-270px||false|false\u00a0\u00bb custom_margin_last_edited=\u00a0\u00bbon|phone\u00a0\u00bb custom_padding=\u00a0\u00bb0px|||||\u00a0\u00bb global_colors_info=\u00a0\u00bb{}\u00a0\u00bb][et_pb_row _builder_version=\u00a0\u00bb4.16&Prime; _module_preset=\u00a0\u00bbdefault\u00a0\u00bb global_colors_info=\u00a0\u00bb{}\u00a0\u00bb][et_pb_column type=\u00a0\u00bb4_4&Prime; _builder_version=\u00a0\u00bb4.16&Prime; _module_preset=\u00a0\u00bbdefault\u00a0\u00bb global_colors_info=\u00a0\u00bb{}\u00a0\u00bb][et_pb_text _builder_version=\u00a0\u00bb4.25.1&Prime; _module_preset=\u00a0\u00bbdefault\u00a0\u00bb text_font=\u00a0\u00bbRoboto|300|||||||\u00a0\u00bb text_font_size=\u00a0\u00bb45px\u00a0\u00bb min_height=\u00a0\u00bb23px\u00a0\u00bb custom_padding=\u00a0\u00bb0px||27px|||\u00a0\u00bb text_line_height_tablet=\u00a0\u00bb\u00a0\u00bb text_line_height_phone=\u00a0\u00bb1em\u00a0\u00bb text_line_height_last_edited=\u00a0\u00bbon|phone\u00a0\u00bb global_colors_info=\u00a0\u00bb{}\u00a0\u00bb]<\/p>\n<p style=\"text-align: center;\">Vid\u00e9o de 3 minutes<\/p>\n<p>[\/et_pb_text][et_pb_video src=\u00a0\u00bbhttps:\/\/youtu.be\/_xZOujNF6bg\u00a0\u00bb _builder_version=\u00a0\u00bb4.25.1&Prime; _module_preset=\u00a0\u00bbdefault\u00a0\u00bb width=\u00a0\u00bb99.7%\u00a0\u00bb min_height=\u00a0\u00bb489px\u00a0\u00bb custom_margin=\u00a0\u00bb|104px||||\u00a0\u00bb custom_margin_tablet=\u00a0\u00bb|104px||||\u00a0\u00bb custom_margin_phone=\u00a0\u00bb|0px|||false|false\u00a0\u00bb custom_margin_last_edited=\u00a0\u00bbon|phone\u00a0\u00bb custom_padding=\u00a0\u00bb0px|||||\u00a0\u00bb animation_style=\u00a0\u00bbflip\u00a0\u00bb animation_direction=\u00a0\u00bbbottom\u00a0\u00bb global_colors_info=\u00a0\u00bb{}\u00a0\u00bb][\/et_pb_video][\/et_pb_column][\/et_pb_row][\/et_pb_section][et_pb_section fb_built=\u00a0\u00bb1&Prime; _builder_version=\u00a0\u00bb4.25.1&Prime; _module_preset=\u00a0\u00bbdefault\u00a0\u00bb min_height=\u00a0\u00bb958px\u00a0\u00bb min_height_tablet=\u00a0\u00bb958px\u00a0\u00bb min_height_phone=\u00a0\u00bb958px\u00a0\u00bb min_height_last_edited=\u00a0\u00bbon|phone\u00a0\u00bb custom_margin_tablet=\u00a0\u00bb\u00a0\u00bb custom_margin_phone=\u00a0\u00bb0px||0px||false|false\u00a0\u00bb custom_margin_last_edited=\u00a0\u00bbon|phone\u00a0\u00bb custom_padding=\u00a0\u00bb0px||0px||false|false\u00a0\u00bb global_colors_info=\u00a0\u00bb{}\u00a0\u00bb][et_pb_row _builder_version=\u00a0\u00bb4.25.1&Prime; _module_preset=\u00a0\u00bbdefault\u00a0\u00bb width_tablet=\u00a0\u00bb\u00a0\u00bb width_phone=\u00a0\u00bb\u00a0\u00bb width_last_edited=\u00a0\u00bbon|phone\u00a0\u00bb min_height=\u00a0\u00bb771px\u00a0\u00bb min_height_tablet=\u00a0\u00bb771px\u00a0\u00bb min_height_phone=\u00a0\u00bb200px\u00a0\u00bb min_height_last_edited=\u00a0\u00bbon|phone\u00a0\u00bb custom_margin=\u00a0\u00bb-138px|auto|-197px|auto||\u00a0\u00bb custom_margin_tablet=\u00a0\u00bb-138px|auto|-197px|auto||\u00a0\u00bb custom_margin_phone=\u00a0\u00bb0px|auto|-25px|auto|false|false\u00a0\u00bb custom_margin_last_edited=\u00a0\u00bbon|phone\u00a0\u00bb global_colors_info=\u00a0\u00bb{}\u00a0\u00bb][et_pb_column type=\u00a0\u00bb4_4&Prime; _builder_version=\u00a0\u00bb4.25.1&Prime; _module_preset=\u00a0\u00bbdefault\u00a0\u00bb custom_padding=\u00a0\u00bb30px||||false|false\u00a0\u00bb global_colors_info=\u00a0\u00bb{}\u00a0\u00bb][et_pb_text _builder_version=\u00a0\u00bb4.25.1&Prime; _module_preset=\u00a0\u00bbdefault\u00a0\u00bb text_font=\u00a0\u00bbRoboto|300|||||||\u00a0\u00bb text_font_size=\u00a0\u00bb45px\u00a0\u00bb min_height=\u00a0\u00bb5.7px\u00a0\u00bb custom_margin=\u00a0\u00bb35px||||false|false\u00a0\u00bb custom_margin_tablet=\u00a0\u00bb35px||||false|false\u00a0\u00bb custom_margin_phone=\u00a0\u00bb0px||||false|false\u00a0\u00bb custom_margin_last_edited=\u00a0\u00bbon|phone\u00a0\u00bb custom_padding=\u00a0\u00bb0px||||false|false\u00a0\u00bb custom_padding_tablet=\u00a0\u00bb0px||||false|false\u00a0\u00bb custom_padding_phone=\u00a0\u00bb13px||||false|false\u00a0\u00bb custom_padding_last_edited=\u00a0\u00bbon|phone\u00a0\u00bb global_colors_info=\u00a0\u00bb{}\u00a0\u00bb]<\/p>\n<p style=\"text-align: center;\">Teaser de 90s<\/p>\n<p>[\/et_pb_text][et_pb_video src=\u00a0\u00bbhttps:\/\/www.alexiarsb.fr\/portfolio\/wp-content\/uploads\/2020\/10\/groupe_10_teaser.mp4&Prime; _builder_version=\u00a0\u00bb4.25.1&Prime; _module_preset=\u00a0\u00bbdefault\u00a0\u00bb min_height=\u00a0\u00bb197px\u00a0\u00bb custom_margin_tablet=\u00a0\u00bb\u00a0\u00bb custom_margin_phone=\u00a0\u00bb||11px||false|false\u00a0\u00bb custom_margin_last_edited=\u00a0\u00bbon|phone\u00a0\u00bb custom_padding=\u00a0\u00bb0px||0px|||\u00a0\u00bb animation_style=\u00a0\u00bbflip\u00a0\u00bb global_colors_info=\u00a0\u00bb{}\u00a0\u00bb][\/et_pb_video][\/et_pb_column][\/et_pb_row][\/et_pb_section]<\/p>\n","protected":false},"excerpt":{"rendered":"<p>Le marathon MMI, c&rsquo;est quoi ? Tous les \u00e9tudiants du d\u00e9partement MMI participent \u00e0 cette semaine du Marathon\u00a0multim\u00e9dia. \u00c0 partir d&rsquo;un\u00a0cahier des charges \u00e9labor\u00e9 par l&rsquo;IUT\u00a0et les\u00a0commanditaires qui parrainent l\u2019op\u00e9ration, nous avons eu pour mission d\u2019\u00e9laborer des solutions de communications. Par groupes de 5 ou 6 \u00e9tudiants de 1\u00e8re et 2nde ann\u00e9e, nous avons eu [&hellip;]<\/p>\n","protected":false},"author":1,"featured_media":0,"parent":0,"menu_order":0,"comment_status":"closed","ping_status":"closed","template":"","meta":{"_et_pb_use_builder":"on","_et_pb_old_content":"","_et_gb_content_width":"","footnotes":""},"class_list":["post-67","page","type-page","status-publish","hentry"],"_links":{"self":[{"href":"https:\/\/www.alexiarsb.fr\/portfolio\/wp-json\/wp\/v2\/pages\/67","targetHints":{"allow":["GET"]}}],"collection":[{"href":"https:\/\/www.alexiarsb.fr\/portfolio\/wp-json\/wp\/v2\/pages"}],"about":[{"href":"https:\/\/www.alexiarsb.fr\/portfolio\/wp-json\/wp\/v2\/types\/page"}],"author":[{"embeddable":true,"href":"https:\/\/www.alexiarsb.fr\/portfolio\/wp-json\/wp\/v2\/users\/1"}],"replies":[{"embeddable":true,"href":"https:\/\/www.alexiarsb.fr\/portfolio\/wp-json\/wp\/v2\/comments?post=67"}],"version-history":[{"count":31,"href":"https:\/\/www.alexiarsb.fr\/portfolio\/wp-json\/wp\/v2\/pages\/67\/revisions"}],"predecessor-version":[{"id":1717,"href":"https:\/\/www.alexiarsb.fr\/portfolio\/wp-json\/wp\/v2\/pages\/67\/revisions\/1717"}],"wp:attachment":[{"href":"https:\/\/www.alexiarsb.fr\/portfolio\/wp-json\/wp\/v2\/media?parent=67"}],"curies":[{"name":"wp","href":"https:\/\/api.w.org\/{rel}","templated":true}]}}