{"id":12,"date":"2020-10-15T14:19:39","date_gmt":"2020-10-15T12:19:39","guid":{"rendered":"http:\/\/www.alexiarsb.fr\/wordpress\/?page_id=12"},"modified":"2020-10-18T11:42:40","modified_gmt":"2020-10-18T09:42:40","slug":"lagence","status":"publish","type":"page","link":"https:\/\/www.alexiarsb.fr\/wordpress\/lagence\/","title":{"rendered":"L&rsquo;Agence"},"content":{"rendered":"\n<p>Cluedames est une agence de communication&nbsp; sp\u00e9cialis\u00e9e dans la r\u00e9solution de myst\u00e8res digitaux, situ\u00e9e en plein c\u0153ur de la r\u00e9gion Occitanie, \u00e0 Montpellier. Notre agence 100% f\u00e9minine, accompagne les entreprises locales dans la cr\u00e9ation ou le renouvellement de leurs campagnes en ligne.&nbsp;<\/p>\n\n\n\n<p>Cluedames, c\u2019est une agence cr\u00e9ative, \u00e0 l\u2019\u00e9coute, engag\u00e9e et transparente, compos\u00e9e d\u2019une \u00e9quipe solide, dot\u00e9e de profils pluridisciplinaires et compl\u00e9mentaires, un vrai plus dans la mise en place de vos projets 3.0.&nbsp;<\/p>\n\n\n\n<p>Plus besoin d\u2019alibi, Cluedames est l\u00e0 pour vous !<\/p>\n\n\n\n<p><strong>Nos convictions ?<\/strong><\/p>\n\n\n\n<p>Jouer ensemble, avec les petites et moyennes entreprises afin de les aider \u00e0 mettre en place leurs projets digitaux. Suite \u00e0 la crise sanitaire actuelle, le digital est l\u2019arme \u00e0 utiliser pour rebondir et se cr\u00e9er une nouvelle communication. Chez Cluedames, on joue pour gagner, dans le respect des autres et des r\u00e8gles du jeu!<\/p>\n\n\n\n<p>Alors n\u2019attendez plus, venez d\u00e9couvrir votre r\u00e9solution 3.0 chez Cluedames.<\/p>\n","protected":false},"excerpt":{"rendered":"<p>Cluedames est une agence de communication&nbsp; sp\u00e9cialis\u00e9e dans la r\u00e9solution de myst\u00e8res digitaux, situ\u00e9e en plein c\u0153ur de la r\u00e9gion Occitanie, \u00e0 Montpellier. Notre agence 100% f\u00e9minine, accompagne les entreprises locales dans la cr\u00e9ation ou le renouvellement de leurs campagnes en ligne.&nbsp; Cluedames, c\u2019est une agence cr\u00e9ative, \u00e0 l\u2019\u00e9coute, engag\u00e9e et transparente, compos\u00e9e d\u2019une \u00e9quipe<\/p>\n<div><a class=\"btn-filled btn\" href=\"https:\/\/www.alexiarsb.fr\/wordpress\/lagence\/\" title=\"L&rsquo;Agence\">Lire la suite<\/a><\/div>\n","protected":false},"author":1,"featured_media":0,"parent":0,"menu_order":0,"comment_status":"closed","ping_status":"closed","template":"","meta":[],"_links":{"self":[{"href":"https:\/\/www.alexiarsb.fr\/wordpress\/wp-json\/wp\/v2\/pages\/12"}],"collection":[{"href":"https:\/\/www.alexiarsb.fr\/wordpress\/wp-json\/wp\/v2\/pages"}],"about":[{"href":"https:\/\/www.alexiarsb.fr\/wordpress\/wp-json\/wp\/v2\/types\/page"}],"author":[{"embeddable":true,"href":"https:\/\/www.alexiarsb.fr\/wordpress\/wp-json\/wp\/v2\/users\/1"}],"replies":[{"embeddable":true,"href":"https:\/\/www.alexiarsb.fr\/wordpress\/wp-json\/wp\/v2\/comments?post=12"}],"version-history":[{"count":3,"href":"https:\/\/www.alexiarsb.fr\/wordpress\/wp-json\/wp\/v2\/pages\/12\/revisions"}],"predecessor-version":[{"id":102,"href":"https:\/\/www.alexiarsb.fr\/wordpress\/wp-json\/wp\/v2\/pages\/12\/revisions\/102"}],"wp:attachment":[{"href":"https:\/\/www.alexiarsb.fr\/wordpress\/wp-json\/wp\/v2\/media?parent=12"}],"curies":[{"name":"wp","href":"https:\/\/api.w.org\/{rel}","templated":true}]}}