{"id":16,"date":"2020-10-15T14:20:26","date_gmt":"2020-10-15T12:20:26","guid":{"rendered":"http:\/\/www.alexiarsb.fr\/wordpress\/?page_id=16"},"modified":"2020-10-15T18:29:34","modified_gmt":"2020-10-15T16:29:34","slug":"notre-equipe","status":"publish","type":"page","link":"https:\/\/www.alexiarsb.fr\/wordpress\/notre-equipe\/","title":{"rendered":"Nos joueurs"},"content":{"rendered":"\t\t<div data-elementor-type=\"wp-page\" data-elementor-id=\"16\" class=\"elementor elementor-16\" data-elementor-settings=\"[]\">\n\t\t\t\t\t\t<div class=\"elementor-inner\">\n\t\t\t\t\t\t\t<div class=\"elementor-section-wrap\">\n\t\t\t\t\t\t\t<section class=\"elementor-section elementor-top-section elementor-element elementor-element-fb28c5f elementor-section-boxed elementor-section-height-default elementor-section-height-default\" data-id=\"fb28c5f\" data-element_type=\"section\">\n\t\t\t\t\t\t<div class=\"elementor-container elementor-column-gap-default\">\n\t\t\t\t\t\t\t<div class=\"elementor-row\">\n\t\t\t\t\t<div class=\"elementor-column elementor-col-100 elementor-top-column elementor-element elementor-element-7a2e535\" data-id=\"7a2e535\" data-element_type=\"column\">\n\t\t\t<div class=\"elementor-column-wrap elementor-element-populated\">\n\t\t\t\t\t\t\t<div class=\"elementor-widget-wrap\">\n\t\t\t\t\t\t<div class=\"elementor-element elementor-element-7bd4b1f elementor-widget elementor-widget-image\" data-id=\"7bd4b1f\" data-element_type=\"widget\" data-widget_type=\"image.default\">\n\t\t\t\t<div class=\"elementor-widget-container\">\n\t\t\t\t\t<div class=\"elementor-image\">\n\t\t\t\t\t\t\t\t\t\t<img width=\"1024\" height=\"683\" src=\"https:\/\/www.alexiarsb.fr\/wordpress\/wp-content\/uploads\/2020\/10\/Solenza-pro-1024x683.jpg\" class=\"attachment-large size-large\" alt=\"\" loading=\"lazy\" srcset=\"https:\/\/www.alexiarsb.fr\/wordpress\/wp-content\/uploads\/2020\/10\/Solenza-pro-1024x683.jpg 1024w, https:\/\/www.alexiarsb.fr\/wordpress\/wp-content\/uploads\/2020\/10\/Solenza-pro-300x200.jpg 300w, https:\/\/www.alexiarsb.fr\/wordpress\/wp-content\/uploads\/2020\/10\/Solenza-pro-768x512.jpg 768w, https:\/\/www.alexiarsb.fr\/wordpress\/wp-content\/uploads\/2020\/10\/Solenza-pro-1536x1024.jpg 1536w, https:\/\/www.alexiarsb.fr\/wordpress\/wp-content\/uploads\/2020\/10\/Solenza-pro-2048x1365.jpg 2048w, https:\/\/www.alexiarsb.fr\/wordpress\/wp-content\/uploads\/2020\/10\/Solenza-pro-174x116.jpg 174w\" sizes=\"(max-width: 1024px) 100vw, 1024px\" \/>\t\t\t\t\t\t\t\t\t\t\t<\/div>\n\t\t\t\t<\/div>\n\t\t\t\t<\/div>\n\t\t\t\t<div class=\"elementor-element elementor-element-139cc86 elementor-widget elementor-widget-heading\" data-id=\"139cc86\" data-element_type=\"widget\" data-widget_type=\"heading.default\">\n\t\t\t\t<div class=\"elementor-widget-container\">\n\t\t\t<h3 class=\"elementor-heading-title elementor-size-default\">Solenza Pierre - Directrice d'agence<\/h3>\t\t<\/div>\n\t\t\t\t<\/div>\n\t\t\t\t<div class=\"elementor-element elementor-element-4ca072f elementor-widget elementor-widget-text-editor\" data-id=\"4ca072f\" data-element_type=\"widget\" data-widget_type=\"text-editor.default\">\n\t\t\t\t<div class=\"elementor-widget-container\">\n\t\t\t\t\t<div class=\"elementor-text-editor elementor-clearfix\"><p>Colonel R\u00e9dac, \u00e2g\u00e9e de 20 ans, est la directrice de l\u2019agence Cluedames.<br \/>Sa d\u00e9termination et son professionnalisme font d&rsquo;elle une directrice d\u2019agence \u00e0 la fois respect\u00e9e et proche de ses collaborateurs.<br \/>La r\u00e9daction, l\u2019organisation et la strat\u00e9gie sont ses armes pour concevoir et rendre possible les enjeux digitaux de nos clients, m\u00eame les plus ambitieux.<\/p><\/div>\n\t\t\t\t<\/div>\n\t\t\t\t<\/div>\n\t\t\t\t<div class=\"elementor-element elementor-element-c0b1c2f elementor-widget elementor-widget-image\" data-id=\"c0b1c2f\" data-element_type=\"widget\" data-widget_type=\"image.default\">\n\t\t\t\t<div class=\"elementor-widget-container\">\n\t\t\t\t\t<div class=\"elementor-image\">\n\t\t\t\t\t\t\t\t\t\t<img width=\"1024\" height=\"683\" src=\"https:\/\/www.alexiarsb.fr\/wordpress\/wp-content\/uploads\/2020\/10\/Angele-pro-1024x683.jpg\" class=\"attachment-large size-large\" alt=\"\" loading=\"lazy\" srcset=\"https:\/\/www.alexiarsb.fr\/wordpress\/wp-content\/uploads\/2020\/10\/Angele-pro-1024x683.jpg 1024w, https:\/\/www.alexiarsb.fr\/wordpress\/wp-content\/uploads\/2020\/10\/Angele-pro-300x200.jpg 300w, https:\/\/www.alexiarsb.fr\/wordpress\/wp-content\/uploads\/2020\/10\/Angele-pro-768x512.jpg 768w, https:\/\/www.alexiarsb.fr\/wordpress\/wp-content\/uploads\/2020\/10\/Angele-pro-1536x1024.jpg 1536w, https:\/\/www.alexiarsb.fr\/wordpress\/wp-content\/uploads\/2020\/10\/Angele-pro-2048x1365.jpg 2048w, https:\/\/www.alexiarsb.fr\/wordpress\/wp-content\/uploads\/2020\/10\/Angele-pro-174x116.jpg 174w\" sizes=\"(max-width: 1024px) 100vw, 1024px\" \/>\t\t\t\t\t\t\t\t\t\t\t<\/div>\n\t\t\t\t<\/div>\n\t\t\t\t<\/div>\n\t\t\t\t<div class=\"elementor-element elementor-element-e6fd8d6 elementor-widget elementor-widget-heading\" data-id=\"e6fd8d6\" data-element_type=\"widget\" data-widget_type=\"heading.default\">\n\t\t\t\t<div class=\"elementor-widget-container\">\n\t\t\t<h3 class=\"elementor-heading-title elementor-size-default\">Ang\u00e8le Blanc - Cheffe de projet digital<\/h3>\t\t<\/div>\n\t\t\t\t<\/div>\n\t\t\t\t<div class=\"elementor-element elementor-element-6bcb154 elementor-widget elementor-widget-text-editor\" data-id=\"6bcb154\" data-element_type=\"widget\" data-widget_type=\"text-editor.default\">\n\t\t\t\t<div class=\"elementor-widget-container\">\n\t\t\t\t\t<div class=\"elementor-text-editor elementor-clearfix\"><p>Professeure Strat, \u00e2g\u00e9e de 21 ans, est une strat\u00e8ge hors pair. <br \/>Apr\u00e8s un voyage Erasmus en Espagne, \u00e0 Alicante, elle est revenue enrichie de nouvelles cultures et exp\u00e9riences. La gestion de projet, l\u2019organisation et le management n\u2019ont pas de secret pour elle. <br \/>Pack office, Trello et la relation client sont ses armes dans la r\u00e9solution de vos projets digitaux.<\/p><\/div>\n\t\t\t\t<\/div>\n\t\t\t\t<\/div>\n\t\t\t\t<div class=\"elementor-element elementor-element-59a1dd6 elementor-widget elementor-widget-image\" data-id=\"59a1dd6\" data-element_type=\"widget\" data-widget_type=\"image.default\">\n\t\t\t\t<div class=\"elementor-widget-container\">\n\t\t\t\t\t<div class=\"elementor-image\">\n\t\t\t\t\t\t\t\t\t\t<img width=\"1024\" height=\"683\" src=\"https:\/\/www.alexiarsb.fr\/wordpress\/wp-content\/uploads\/2020\/10\/Test-alexia-1024x683.jpg\" class=\"attachment-large size-large\" alt=\"\" loading=\"lazy\" srcset=\"https:\/\/www.alexiarsb.fr\/wordpress\/wp-content\/uploads\/2020\/10\/Test-alexia-1024x683.jpg 1024w, https:\/\/www.alexiarsb.fr\/wordpress\/wp-content\/uploads\/2020\/10\/Test-alexia-300x200.jpg 300w, https:\/\/www.alexiarsb.fr\/wordpress\/wp-content\/uploads\/2020\/10\/Test-alexia-768x512.jpg 768w, https:\/\/www.alexiarsb.fr\/wordpress\/wp-content\/uploads\/2020\/10\/Test-alexia-1536x1024.jpg 1536w, https:\/\/www.alexiarsb.fr\/wordpress\/wp-content\/uploads\/2020\/10\/Test-alexia-2048x1365.jpg 2048w, https:\/\/www.alexiarsb.fr\/wordpress\/wp-content\/uploads\/2020\/10\/Test-alexia-174x116.jpg 174w\" sizes=\"(max-width: 1024px) 100vw, 1024px\" \/>\t\t\t\t\t\t\t\t\t\t\t<\/div>\n\t\t\t\t<\/div>\n\t\t\t\t<\/div>\n\t\t\t\t<div class=\"elementor-element elementor-element-c544303 elementor-widget elementor-widget-heading\" data-id=\"c544303\" data-element_type=\"widget\" data-widget_type=\"heading.default\">\n\t\t\t\t<div class=\"elementor-widget-container\">\n\t\t\t<h3 class=\"elementor-heading-title elementor-size-default\">Alexia Rasigade - Cheffe de projet digital<\/h3>\t\t<\/div>\n\t\t\t\t<\/div>\n\t\t\t\t<div class=\"elementor-element elementor-element-943751e elementor-widget elementor-widget-text-editor\" data-id=\"943751e\" data-element_type=\"widget\" data-widget_type=\"text-editor.default\">\n\t\t\t\t<div class=\"elementor-widget-container\">\n\t\t\t\t\t<div class=\"elementor-text-editor elementor-clearfix\"><p>Docteur Digi, \u00e2g\u00e9e de 21 ans est une experte du digital.<br \/>Gr\u00e2ce \u00e0 la formation qu&rsquo;elle a suivie en DUT MMI, elle est sans aucun doute l\u2019interm\u00e9diaire dont nos clients auront besoin dans la r\u00e9solution de leurs enqu\u00eates digitales. <br \/>Maligne, rus\u00e9e et d\u00e9brouillarde, elle est pr\u00e9sente au sein de l\u2019agence, pour percer pour nos clients, tous les myst\u00e8res du web. <br \/>Les r\u00e9seaux sociaux, WordPress et Premi\u00e8re Pro sont ses armes afin d\u2019\u00e9lucider toutes les \u00e9nigmes propos\u00e9es par ceux-ci.<\/p><\/div>\n\t\t\t\t<\/div>\n\t\t\t\t<\/div>\n\t\t\t\t<div class=\"elementor-element elementor-element-bd6ce89 elementor-widget elementor-widget-image\" data-id=\"bd6ce89\" data-element_type=\"widget\" data-widget_type=\"image.default\">\n\t\t\t\t<div class=\"elementor-widget-container\">\n\t\t\t\t\t<div class=\"elementor-image\">\n\t\t\t\t\t\t\t\t\t\t<img width=\"1024\" height=\"683\" src=\"https:\/\/www.alexiarsb.fr\/wordpress\/wp-content\/uploads\/2020\/10\/Meghane-pro-1024x683.jpg\" class=\"attachment-large size-large\" alt=\"\" loading=\"lazy\" srcset=\"https:\/\/www.alexiarsb.fr\/wordpress\/wp-content\/uploads\/2020\/10\/Meghane-pro-1024x683.jpg 1024w, https:\/\/www.alexiarsb.fr\/wordpress\/wp-content\/uploads\/2020\/10\/Meghane-pro-300x200.jpg 300w, https:\/\/www.alexiarsb.fr\/wordpress\/wp-content\/uploads\/2020\/10\/Meghane-pro-768x512.jpg 768w, https:\/\/www.alexiarsb.fr\/wordpress\/wp-content\/uploads\/2020\/10\/Meghane-pro-1536x1024.jpg 1536w, https:\/\/www.alexiarsb.fr\/wordpress\/wp-content\/uploads\/2020\/10\/Meghane-pro-2048x1365.jpg 2048w, https:\/\/www.alexiarsb.fr\/wordpress\/wp-content\/uploads\/2020\/10\/Meghane-pro-174x116.jpg 174w\" sizes=\"(max-width: 1024px) 100vw, 1024px\" \/>\t\t\t\t\t\t\t\t\t\t\t<\/div>\n\t\t\t\t<\/div>\n\t\t\t\t<\/div>\n\t\t\t\t<div class=\"elementor-element elementor-element-f7d9c1c elementor-widget elementor-widget-heading\" data-id=\"f7d9c1c\" data-element_type=\"widget\" data-widget_type=\"heading.default\">\n\t\t\t\t<div class=\"elementor-widget-container\">\n\t\t\t<h3 class=\"elementor-heading-title elementor-size-default\">M\u00e9ghane Hinyot - Directrice artistique<\/h3>\t\t<\/div>\n\t\t\t\t<\/div>\n\t\t\t\t<div class=\"elementor-element elementor-element-f684029 elementor-widget elementor-widget-text-editor\" data-id=\"f684029\" data-element_type=\"widget\" data-widget_type=\"text-editor.default\">\n\t\t\t\t<div class=\"elementor-widget-container\">\n\t\t\t\t\t<div class=\"elementor-text-editor elementor-clearfix\"><p>Mademoiselle Cr\u00e9a, \u00e2g\u00e9e de 20 ans , d\u2019origine fran\u00e7aise et italienne, est une cr\u00e9ative dans l\u2019\u00e2me.<br \/>Gr\u00e2ce \u00e0 sa formation en Cr\u00e9a 360, elle d\u00e9veloppe chaque jour de nouvelles techniques et comp\u00e9tences pour r\u00e9aliser au mieux les envies de nos collaborateurs. <br \/>De grande imagination, elle est l\u00e0 pour imaginer et r\u00e9aliser toutes vos envies. Indesign, Photoshop, et illustrator sont ses armes dans la r\u00e9solution des enqu\u00eates propos\u00e9es.<\/p><\/div>\n\t\t\t\t<\/div>\n\t\t\t\t<\/div>\n\t\t\t\t\t\t<\/div>\n\t\t\t\t\t<\/div>\n\t\t<\/div>\n\t\t\t\t\t\t\t\t<\/div>\n\t\t\t\t\t<\/div>\n\t\t<\/section>\n\t\t\t\t\t\t<\/div>\n\t\t\t\t\t\t<\/div>\n\t\t\t\t\t<\/div>\n\t\t","protected":false},"excerpt":{"rendered":"<p>Solenza Pierre &#8211; Directrice d&rsquo;agence Colonel R\u00e9dac, \u00e2g\u00e9e de 20 ans, est la directrice de l\u2019agence Cluedames.Sa d\u00e9termination et son professionnalisme font d&rsquo;elle une directrice d\u2019agence \u00e0 la fois respect\u00e9e et proche de ses collaborateurs.La r\u00e9daction, l\u2019organisation et la strat\u00e9gie sont ses armes pour concevoir et rendre possible les enjeux digitaux de nos clients, m\u00eame<\/p>\n<div><a class=\"btn-filled btn\" href=\"https:\/\/www.alexiarsb.fr\/wordpress\/notre-equipe\/\" title=\"Nos joueurs\">Lire la suite<\/a><\/div>\n","protected":false},"author":1,"featured_media":0,"parent":0,"menu_order":0,"comment_status":"closed","ping_status":"closed","template":"","meta":[],"_links":{"self":[{"href":"https:\/\/www.alexiarsb.fr\/wordpress\/wp-json\/wp\/v2\/pages\/16"}],"collection":[{"href":"https:\/\/www.alexiarsb.fr\/wordpress\/wp-json\/wp\/v2\/pages"}],"about":[{"href":"https:\/\/www.alexiarsb.fr\/wordpress\/wp-json\/wp\/v2\/types\/page"}],"author":[{"embeddable":true,"href":"https:\/\/www.alexiarsb.fr\/wordpress\/wp-json\/wp\/v2\/users\/1"}],"replies":[{"embeddable":true,"href":"https:\/\/www.alexiarsb.fr\/wordpress\/wp-json\/wp\/v2\/comments?post=16"}],"version-history":[{"count":26,"href":"https:\/\/www.alexiarsb.fr\/wordpress\/wp-json\/wp\/v2\/pages\/16\/revisions"}],"predecessor-version":[{"id":101,"href":"https:\/\/www.alexiarsb.fr\/wordpress\/wp-json\/wp\/v2\/pages\/16\/revisions\/101"}],"wp:attachment":[{"href":"https:\/\/www.alexiarsb.fr\/wordpress\/wp-json\/wp\/v2\/media?parent=16"}],"curies":[{"name":"wp","href":"https:\/\/api.w.org\/{rel}","templated":true}]}}